{"id":23,"date":"2018-02-10T10:52:00","date_gmt":"2018-02-10T09:52:00","guid":{"rendered":"http:\/\/lafermedetarbes.com\/?page_id=23"},"modified":"2026-05-10T11:59:19","modified_gmt":"2026-05-10T09:59:19","slug":"hestia-front","status":"publish","type":"page","link":"https:\/\/lafermedetarbes.com\/","title":{"rendered":"Accueil et actualit\u00e9s"},"content":{"rendered":"<h1><img decoding=\"async\" loading=\"lazy\" class=\"wp-image-40 aligncenter\" src=\"http:\/\/lafermedetarbes.com\/wp-content\/uploads\/2018\/02\/banderolle-compr\u00e9ss\u00e9e-300x128.jpg\" alt=\"\" width=\"459\" height=\"196\" srcset=\"https:\/\/lafermedetarbes.com\/wp-content\/uploads\/2018\/02\/banderolle-compr\u00e9ss\u00e9e-300x128.jpg 300w, https:\/\/lafermedetarbes.com\/wp-content\/uploads\/2018\/02\/banderolle-compr\u00e9ss\u00e9e-768x327.jpg 768w, https:\/\/lafermedetarbes.com\/wp-content\/uploads\/2018\/02\/banderolle-compr\u00e9ss\u00e9e-1024x435.jpg 1024w\" sizes=\"(max-width: 459px) 100vw, 459px\" \/><\/h1>\n<h1 style=\"text-align: center;\" align=\"justify\">Profitez des derniers yaourts et fromages de brebis de la Ferme de Tarbes !<\/h1>\n<h2 style=\"text-align: center;\"><strong>Attention : Produits laitiers uniquement disponible jusque d\u00e9but juin 2026<\/strong><\/h2>\n<p align=\"justify\"><span style=\"font-size: xx-large;\">Ch\u00e8res clientes, chers clients,<\/span><\/p>\n<p align=\"justify\"><span style=\"font-size: xx-large;\"> Apr\u00e8s une quinzaine d\u2019ann\u00e9es de fromagerie, il est temps pour nous de nous consacrer \u00e0 un nouveau projet de diversification et d\u2019accueil \u00e0 la ferme qui nous tenait \u00e0 c\u0153ur depuis le d\u00e9but.<\/span><\/p>\n<p align=\"justify\"><span style=\"font-size: xx-large;\"> Nous sommes dans nos derni\u00e8res semaines de fabrication fromag\u00e8re.<\/span><\/p>\n<p align=\"justify\"><span style=\"font-size: xx-large;\"> Nous avons \u00e9t\u00e9 heureux de partager cette passion avec vous et nous vous remercions chaleureusement pour votre fid\u00e9lit\u00e9.<\/span><\/p>\n<p align=\"justify\"><span style=\"font-size: xx-large;\"> Au plaisir de vous revoir pour de nouvelles aventures \u00e0 la ferme de Tarbes.<\/span><\/p>\n<p align=\"justify\"><span style=\"font-size: xx-large;\"> Justine et Yann<\/span><\/p>\n<p>&nbsp;<\/p>\n<h1 style=\"text-align: center;\">&#8212;&#8212;&#8212;&#8212;&#8212;&#8212;&#8211;<\/h1>\n<h1 style=\"text-align: center;\">Le 31 mai 2026<\/h1>\n<h1 style=\"text-align: center;\">Journ\u00e9e De Ferme en Ferme<\/h1>\n<h3 style=\"text-align: center;\">Venez nous rendre visite et d\u00e9couvrir notre ferme, nos animaux et profitez de nos derniers produits laitiers !<\/h3>\n<h1 style=\"text-align: center;\">&#8212;&#8212;&#8212;&#8212;&#8212;&#8212;&#8211;<\/h1>\n<div align=\"center\">\n<h2><a href=\"https:\/\/aude.chambre-agriculture.fr\/fileadmin\/user_upload\/Occitanie\/064_Inst-Aude\/images\/images_actualites\/2024\/PALMARES_2024.pdf\"><strong>M\u00e9dailles d&rsquo;or pour les deux produits que nous avons pr\u00e9sent\u00e9 samedi 22 juin 2024 au concours d\u00e9partemental des fromages de l&rsquo;Aude, notre Blanc des pr\u00e9 ainsi que notre yaourt de brebis !<\/strong><\/a><\/h2>\n<h1 style=\"text-align: center;\">&#8212;&#8212;&#8212;&#8212;&#8212;&#8212;&#8211;<\/h1>\n<div align=\"center\">\n<h1>Actualit\u00e9s et Infos<\/h1>\n<h2>March\u00e9 de Carcassonne tout les samedis matins Boulevard Roumens jusque juin 2026 !<\/h2>\n<\/div>\n<div align=\"center\">\n<h2><a href=\"http:\/\/lafermedetarbes.com\/?page_id=76\"><strong>Vente \u00e0 la ferme sur commande uniquement<\/strong><\/a><\/h2>\n<h2><strong>de pr\u00e9f\u00e9rence par mail : domainedetarbes@gmail.com<\/strong><\/h2>\n<h1>&#8212;&#8212;&#8212;&#8212;&#8212;&#8212;&#8211;<\/h1>\n<\/div>\n<h2><strong>Pour tout renseignement concernant notre \u00e9levage de chevaux M\u00e9rens ou pour les visites de la ferme pour les scolaires ou les groupes sur r\u00e9servation : <a href=\"https:\/\/lafermedetarbes.com\/?page_id=68\">contactez-nous<\/a><br \/><\/strong><\/h2>\n<h1>&#8212;&#8212;&#8212;&#8212;&#8212;&#8212;&#8211;<\/h1>\n<h1>Revue de presse<\/h1>\n<\/div>\n<h2 style=\"text-align: center;\"><a href=\"https:\/\/www.lafranceagricole.fr\/prairies-et-fourrages\/article\/883665\/nous-avons-integre-des-haies-fourrageres-a-notre-systeme-d-elevage\"><strong>Article paru dans la France Agricole de Juin 2025\u00a0 sur les haies fourrag\u00e8res<\/strong><\/a><\/h2>\n<p style=\"text-align: center;\"><img decoding=\"async\" loading=\"lazy\" class=\"size-medium wp-image-1064 aligncenter\" src=\"http:\/\/lafermedetarbes.com\/wp-content\/uploads\/2025\/06\/Article-La-France-Agricole-Juin-2025-Haies-fourrageres-231x300.png\" alt=\"\" width=\"231\" height=\"300\" srcset=\"https:\/\/lafermedetarbes.com\/wp-content\/uploads\/2025\/06\/Article-La-France-Agricole-Juin-2025-Haies-fourrageres-231x300.png 231w, https:\/\/lafermedetarbes.com\/wp-content\/uploads\/2025\/06\/Article-La-France-Agricole-Juin-2025-Haies-fourrageres-787x1024.png 787w, https:\/\/lafermedetarbes.com\/wp-content\/uploads\/2025\/06\/Article-La-France-Agricole-Juin-2025-Haies-fourrageres-768x999.png 768w, https:\/\/lafermedetarbes.com\/wp-content\/uploads\/2025\/06\/Article-La-France-Agricole-Juin-2025-Haies-fourrageres.png 804w\" sizes=\"(max-width: 231px) 100vw, 231px\" \/><\/p>\n<div align=\"center\">\n<h2><a href=\"https:\/\/www.ladepeche.fr\/2025\/04\/16\/villelongue-daude-des-haies-paturables-pour-lautonomie-fourragere-12639628.php\"><strong>Article paru dans la D\u00e9p\u00eache du 16 avril 2025 Journ\u00e9e technique sur les haies fourrag\u00e8res<\/strong><\/a><\/h2>\n<p><img decoding=\"async\" loading=\"lazy\" class=\"wp-image-1043 aligncenter\" src=\"http:\/\/lafermedetarbes.com\/wp-content\/uploads\/2025\/06\/Article-Independant-16-avril-2025-La-ferme-deTarbes-215x300.jpg\" alt=\"\" width=\"357\" height=\"498\" srcset=\"https:\/\/lafermedetarbes.com\/wp-content\/uploads\/2025\/06\/Article-Independant-16-avril-2025-La-ferme-deTarbes-215x300.jpg 215w, https:\/\/lafermedetarbes.com\/wp-content\/uploads\/2025\/06\/Article-Independant-16-avril-2025-La-ferme-deTarbes-732x1024.jpg 732w, https:\/\/lafermedetarbes.com\/wp-content\/uploads\/2025\/06\/Article-Independant-16-avril-2025-La-ferme-deTarbes-768x1074.jpg 768w, https:\/\/lafermedetarbes.com\/wp-content\/uploads\/2025\/06\/Article-Independant-16-avril-2025-La-ferme-deTarbes.jpg 1039w\" sizes=\"(max-width: 357px) 100vw, 357px\" \/><\/p>\n<h2><a href=\"http:\/\/lafermedetarbes.com\/wp-content\/uploads\/2024\/06\/Article-LIndependant-du-3-mai-2024-Visite-du-college-de-Trebe.pdf\">Article paru dans l&rsquo;Ind\u00e9pendant du 3 mai 2024 Visite de l&rsquo;atelier scientifique du coll\u00e8ge de Tr\u00e8be<\/a><\/h2>\n<p><img decoding=\"async\" loading=\"lazy\" class=\"wp-image-987 aligncenter\" src=\"http:\/\/lafermedetarbes.com\/wp-content\/uploads\/2024\/06\/Article-LIndependant-du-3-mai-2024-Visite-du-college-de-Trebe-300x286.png\" alt=\"\" width=\"360\" height=\"343\" srcset=\"https:\/\/lafermedetarbes.com\/wp-content\/uploads\/2024\/06\/Article-LIndependant-du-3-mai-2024-Visite-du-college-de-Trebe-300x286.png 300w, https:\/\/lafermedetarbes.com\/wp-content\/uploads\/2024\/06\/Article-LIndependant-du-3-mai-2024-Visite-du-college-de-Trebe-1024x978.png 1024w, https:\/\/lafermedetarbes.com\/wp-content\/uploads\/2024\/06\/Article-LIndependant-du-3-mai-2024-Visite-du-college-de-Trebe-768x733.png 768w, https:\/\/lafermedetarbes.com\/wp-content\/uploads\/2024\/06\/Article-LIndependant-du-3-mai-2024-Visite-du-college-de-Trebe-1536x1466.png 1536w, https:\/\/lafermedetarbes.com\/wp-content\/uploads\/2024\/06\/Article-LIndependant-du-3-mai-2024-Visite-du-college-de-Trebe-2048x1955.png 2048w\" sizes=\"(max-width: 360px) 100vw, 360px\" \/><\/p>\n<div align=\"center\">\n<h2><a href=\"https:\/\/www.lindependant.fr\/2022\/05\/28\/a-la-ferme-de-tarbes-de-villelongue-daude-on-vit-damour-et-de-bio-10324133.php\">Article paru dans l&rsquo;Ind\u00e9pendant du dimanche 29 mai 2022<\/a><\/h2>\n<p><img decoding=\"async\" loading=\"lazy\" class=\" wp-image-820 aligncenter\" src=\"http:\/\/lafermedetarbes.com\/wp-content\/uploads\/2022\/05\/Article-La-ferme-de-Tarbes-LIndependant-du-29-mai-2022-225x300.png\" alt=\"\" width=\"548\" height=\"731\" srcset=\"https:\/\/lafermedetarbes.com\/wp-content\/uploads\/2022\/05\/Article-La-ferme-de-Tarbes-LIndependant-du-29-mai-2022-225x300.png 225w, https:\/\/lafermedetarbes.com\/wp-content\/uploads\/2022\/05\/Article-La-ferme-de-Tarbes-LIndependant-du-29-mai-2022-768x1024.png 768w, https:\/\/lafermedetarbes.com\/wp-content\/uploads\/2022\/05\/Article-La-ferme-de-Tarbes-LIndependant-du-29-mai-2022-1152x1536.png 1152w, https:\/\/lafermedetarbes.com\/wp-content\/uploads\/2022\/05\/Article-La-ferme-de-Tarbes-LIndependant-du-29-mai-2022.png 1536w\" sizes=\"(max-width: 548px) 100vw, 548px\" \/><\/p>\n<\/div>\n<h2><a href=\"https:\/\/www.lindependant.fr\/2016\/11\/07\/limoux-haute-vallee-ces-jeunes-fermiers-qui-misent-sur-le-bio,2275335.php\">Article paru dans l&rsquo;Ind\u00e9pendant du 7 novembre 2016<\/a><\/h2>\n<h1><img decoding=\"async\" loading=\"lazy\" class=\"wp-image-1051 aligncenter\" src=\"http:\/\/lafermedetarbes.com\/wp-content\/uploads\/2025\/06\/Article-de-lIndependant-du-7-novembre-2016-218x300.png\" alt=\"\" width=\"371\" height=\"511\" srcset=\"https:\/\/lafermedetarbes.com\/wp-content\/uploads\/2025\/06\/Article-de-lIndependant-du-7-novembre-2016-218x300.png 218w, https:\/\/lafermedetarbes.com\/wp-content\/uploads\/2025\/06\/Article-de-lIndependant-du-7-novembre-2016.png 499w\" sizes=\"(max-width: 371px) 100vw, 371px\" \/>&#8212;&#8212;&#8212;&#8212;&#8212;&#8212;&#8211;<\/h1>\n<\/div>\n<div align=\"center\"><img decoding=\"async\" loading=\"lazy\" class=\"wp-image-789 aligncenter\" src=\"http:\/\/lafermedetarbes.com\/wp-content\/uploads\/2022\/05\/DSCF5244-200x300.jpg\" alt=\"\" width=\"324\" height=\"486\" srcset=\"https:\/\/lafermedetarbes.com\/wp-content\/uploads\/2022\/05\/DSCF5244-200x300.jpg 200w, https:\/\/lafermedetarbes.com\/wp-content\/uploads\/2022\/05\/DSCF5244-683x1024.jpg 683w, https:\/\/lafermedetarbes.com\/wp-content\/uploads\/2022\/05\/DSCF5244-768x1152.jpg 768w, https:\/\/lafermedetarbes.com\/wp-content\/uploads\/2022\/05\/DSCF5244-1024x1536.jpg 1024w, https:\/\/lafermedetarbes.com\/wp-content\/uploads\/2022\/05\/DSCF5244-1365x2048.jpg 1365w, https:\/\/lafermedetarbes.com\/wp-content\/uploads\/2022\/05\/DSCF5244-scaled.jpg 1707w\" sizes=\"(max-width: 324px) 100vw, 324px\" \/><\/div>\n<div align=\"center\">\u00a0<\/div>\n<div align=\"center\"><img decoding=\"async\" loading=\"lazy\" class=\"wp-image-760 aligncenter\" src=\"http:\/\/lafermedetarbes.com\/wp-content\/uploads\/2022\/05\/DJI_0718-300x169.jpg\" alt=\"\" width=\"453\" height=\"255\" srcset=\"https:\/\/lafermedetarbes.com\/wp-content\/uploads\/2022\/05\/DJI_0718-300x169.jpg 300w, https:\/\/lafermedetarbes.com\/wp-content\/uploads\/2022\/05\/DJI_0718-1024x576.jpg 1024w, https:\/\/lafermedetarbes.com\/wp-content\/uploads\/2022\/05\/DJI_0718-768x432.jpg 768w, https:\/\/lafermedetarbes.com\/wp-content\/uploads\/2022\/05\/DJI_0718-1536x864.jpg 1536w, https:\/\/lafermedetarbes.com\/wp-content\/uploads\/2022\/05\/DJI_0718-2048x1152.jpg 2048w\" sizes=\"(max-width: 453px) 100vw, 453px\" \/><\/div>\n<div style=\"text-align: center;\" align=\"center\">&#8212;&#8212;&#8212;&#8212;&#8212;&#8212;&#8212;&#8212;&#8212;&#8212;&#8212;&#8212;&#8212;&#8212;&#8212;&#8212;&#8212;&#8212;&#8212;&#8212;&#8212;&#8212;&#8212;&#8212;&#8212;&#8212;&#8212;&#8212;&#8212;&#8212;&#8212;&#8212;&#8212;&#8212;&#8212;&#8212;&#8212;&#8212;&#8211;<\/div>\n<h1 style=\"text-align: center;\"><a href=\"https:\/\/lafermedetarbes.com\/?page_id=73\"><strong><span style=\"color: #0000ff;\">D\u00e9couvrez nos produits fermiers<\/span><\/strong><\/a><\/h1>\n<p style=\"text-align: center;\"><img decoding=\"async\" loading=\"lazy\" class=\"wp-image-769 aligncenter\" src=\"http:\/\/lafermedetarbes.com\/wp-content\/uploads\/2022\/05\/Les-produits-de-la-ferme-de-Tarbes-300x200.jpg\" alt=\"\" width=\"452\" height=\"301\" srcset=\"https:\/\/lafermedetarbes.com\/wp-content\/uploads\/2022\/05\/Les-produits-de-la-ferme-de-Tarbes-300x200.jpg 300w, https:\/\/lafermedetarbes.com\/wp-content\/uploads\/2022\/05\/Les-produits-de-la-ferme-de-Tarbes-1024x683.jpg 1024w, https:\/\/lafermedetarbes.com\/wp-content\/uploads\/2022\/05\/Les-produits-de-la-ferme-de-Tarbes-768x512.jpg 768w, https:\/\/lafermedetarbes.com\/wp-content\/uploads\/2022\/05\/Les-produits-de-la-ferme-de-Tarbes-1536x1024.jpg 1536w, https:\/\/lafermedetarbes.com\/wp-content\/uploads\/2022\/05\/Les-produits-de-la-ferme-de-Tarbes-2048x1365.jpg 2048w\" sizes=\"(max-width: 452px) 100vw, 452px\" \/><\/p>\n<p style=\"text-align: center;\">&#8212;&#8212;&#8212;&#8212;&#8212;&#8212;&#8212;&#8212;&#8212;&#8212;&#8212;&#8212;&#8212;&#8212;&#8212;&#8212;&#8212;&#8212;&#8212;&#8212;&#8212;&#8212;&#8212;&#8212;&#8212;&#8212;&#8212;&#8212;&#8212;&#8212;&#8212;&#8212;&#8212;&#8212;&#8212;&#8212;&#8212;&#8212;&#8211;<\/p>\n<h1 style=\"text-align: center;\"><a href=\"https:\/\/lafermedetarbes.com\/?page_id=76\"><strong><span style=\"color: #0000ff;\">O\u00f9 trouver nos produits ?<\/span><\/strong><\/a><\/h1>\n<p style=\"text-align: center;\">&#8212;&#8212;&#8212;&#8212;&#8212;&#8212;&#8212;&#8212;&#8212;&#8212;&#8212;&#8212;&#8212;&#8212;&#8212;&#8212;&#8212;&#8212;&#8212;&#8212;&#8212;&#8212;&#8212;&#8212;&#8212;&#8212;&#8212;&#8212;&#8212;&#8212;&#8212;&#8212;&#8212;&#8212;&#8212;&#8212;&#8212;&#8212;&#8211;<\/p>\n<h2 style=\"text-align: center;\"><strong><a href=\"https:\/\/lafermedetarbes.com\/?page_id=68\"><span style=\"color: #0000ff;\">Nous contacter pour plus de renseignements<\/span><\/a><br \/><\/strong><\/h2>\n<p style=\"text-align: center;\">&#8212;&#8212;&#8212;&#8212;&#8212;&#8212;&#8212;&#8212;&#8212;&#8212;&#8212;&#8212;&#8212;&#8212;&#8212;&#8212;&#8212;&#8212;&#8212;&#8212;&#8212;&#8212;&#8212;&#8212;&#8212;&#8212;&#8212;&#8212;&#8212;&#8212;&#8212;&#8212;&#8212;&#8212;&#8212;&#8212;&#8212;&#8212;&#8211;<\/p>\n<h2 style=\"text-align: center;\"><strong>Quelques photos de la ferme<\/strong><\/h2>\n<p><img decoding=\"async\" loading=\"lazy\" class=\"wp-image-150 aligncenter\" src=\"http:\/\/lafermedetarbes.com\/wp-content\/uploads\/2018\/07\/Planche-photos-de-la-ferme-4-300x225.jpg\" alt=\"\" width=\"581\" height=\"436\" srcset=\"https:\/\/lafermedetarbes.com\/wp-content\/uploads\/2018\/07\/Planche-photos-de-la-ferme-4-300x225.jpg 300w, https:\/\/lafermedetarbes.com\/wp-content\/uploads\/2018\/07\/Planche-photos-de-la-ferme-4.jpg 480w\" sizes=\"(max-width: 581px) 100vw, 581px\" \/><\/p>\n<p><img decoding=\"async\" loading=\"lazy\" class=\"wp-image-149 aligncenter\" src=\"http:\/\/lafermedetarbes.com\/wp-content\/uploads\/2018\/07\/Planche-photos-de-la-ferme-3-300x225.jpg\" alt=\"\" width=\"800\" height=\"600\" srcset=\"https:\/\/lafermedetarbes.com\/wp-content\/uploads\/2018\/07\/Planche-photos-de-la-ferme-3-300x225.jpg 300w, https:\/\/lafermedetarbes.com\/wp-content\/uploads\/2018\/07\/Planche-photos-de-la-ferme-3.jpg 480w\" sizes=\"(max-width: 800px) 100vw, 800px\" \/><\/p>\n<p><img decoding=\"async\" loading=\"lazy\" class=\" wp-image-148 aligncenter\" src=\"http:\/\/lafermedetarbes.com\/wp-content\/uploads\/2018\/07\/Planche-photos-de-la-ferme-2-300x225.jpg\" alt=\"\" width=\"800\" height=\"600\" srcset=\"https:\/\/lafermedetarbes.com\/wp-content\/uploads\/2018\/07\/Planche-photos-de-la-ferme-2-300x225.jpg 300w, https:\/\/lafermedetarbes.com\/wp-content\/uploads\/2018\/07\/Planche-photos-de-la-ferme-2.jpg 480w\" sizes=\"(max-width: 800px) 100vw, 800px\" \/><\/p>\n<p><img decoding=\"async\" loading=\"lazy\" class=\" wp-image-147 aligncenter\" src=\"http:\/\/lafermedetarbes.com\/wp-content\/uploads\/2018\/07\/Planche-photos-de-la-ferme-1-300x225.jpg\" alt=\"\" width=\"800\" height=\"600\" srcset=\"https:\/\/lafermedetarbes.com\/wp-content\/uploads\/2018\/07\/Planche-photos-de-la-ferme-1-300x225.jpg 300w, https:\/\/lafermedetarbes.com\/wp-content\/uploads\/2018\/07\/Planche-photos-de-la-ferme-1.jpg 480w\" sizes=\"(max-width: 800px) 100vw, 800px\" \/><\/p>\n<div>\n<div class=\"gmail_signature\" data-smartmail=\"gmail_signature\">\n<div dir=\"ltr\">\n<div>\n<div dir=\"ltr\">\n<div>\n<div dir=\"ltr\">\n<div>\n<div dir=\"ltr\">\n<div>\n<div dir=\"ltr\">\n<div>\n<div dir=\"ltr\">\n<div>\n<div dir=\"ltr\">\n<div>\n<div dir=\"ltr\">\n<div>\n<div dir=\"ltr\">\n<div>\n<div dir=\"ltr\">\n<div>\n<div dir=\"ltr\">\n<div>\n<div dir=\"ltr\">\n<div>\n<div dir=\"ltr\">\n<div>\n<div dir=\"ltr\">\n<div>\n<div dir=\"ltr\">\n<div>\n<div dir=\"ltr\">\n<div>\n<div dir=\"ltr\">\n<div>\n<div dir=\"ltr\">\n<div>\n<div dir=\"ltr\">\u00a0<\/div>\n<\/div>\n<\/div>\n<\/div>\n<\/div>\n<\/div>\n<\/div>\n<\/div>\n<\/div>\n<\/div>\n<\/div>\n<\/div>\n<\/div>\n<\/div>\n<\/div>\n<\/div>\n<\/div>\n<\/div>\n<\/div>\n<\/div>\n<\/div>\n<\/div>\n<\/div>\n<\/div>\n<\/div>\n<\/div>\n<\/div>\n<\/div>\n<\/div>\n<\/div>\n<\/div>\n<\/div>\n<\/div>\n<\/div>\n<\/div>\n<\/div>\n<\/div>\n<\/div>\n<\/div>\n\n\n<p><\/p>\n","protected":false},"excerpt":{"rendered":"<p>Profitez des derniers yaourts et fromages de brebis de la Ferme de Tarbes ! Attention : Produits laitiers uniquement disponible jusque d\u00e9but juin 2026 Ch\u00e8res clientes, chers clients, Apr\u00e8s une quinzaine d\u2019ann\u00e9es de fromagerie, il est temps pour nous de nous consacrer \u00e0 un nouveau projet de diversification et d\u2019accueil \u00e0 la ferme qui nous [&hellip;]<\/p>\n","protected":false},"author":1,"featured_media":0,"parent":0,"menu_order":0,"comment_status":"closed","ping_status":"closed","template":"","meta":{"footnotes":""},"_links":{"self":[{"href":"https:\/\/lafermedetarbes.com\/index.php?rest_route=\/wp\/v2\/pages\/23"}],"collection":[{"href":"https:\/\/lafermedetarbes.com\/index.php?rest_route=\/wp\/v2\/pages"}],"about":[{"href":"https:\/\/lafermedetarbes.com\/index.php?rest_route=\/wp\/v2\/types\/page"}],"author":[{"embeddable":true,"href":"https:\/\/lafermedetarbes.com\/index.php?rest_route=\/wp\/v2\/users\/1"}],"replies":[{"embeddable":true,"href":"https:\/\/lafermedetarbes.com\/index.php?rest_route=%2Fwp%2Fv2%2Fcomments&post=23"}],"version-history":[{"count":266,"href":"https:\/\/lafermedetarbes.com\/index.php?rest_route=\/wp\/v2\/pages\/23\/revisions"}],"predecessor-version":[{"id":1201,"href":"https:\/\/lafermedetarbes.com\/index.php?rest_route=\/wp\/v2\/pages\/23\/revisions\/1201"}],"wp:attachment":[{"href":"https:\/\/lafermedetarbes.com\/index.php?rest_route=%2Fwp%2Fv2%2Fmedia&parent=23"}],"curies":[{"name":"wp","href":"https:\/\/api.w.org\/{rel}","templated":true}]}}