{"id":1077,"date":"2025-06-18T15:13:46","date_gmt":"2025-06-18T13:13:46","guid":{"rendered":"https:\/\/lafermedetarbes.com\/?page_id=1077"},"modified":"2025-06-18T15:42:16","modified_gmt":"2025-06-18T13:42:16","slug":"elevage-des-brebis","status":"publish","type":"page","link":"https:\/\/lafermedetarbes.com\/?page_id=1077","title":{"rendered":"\u00c9levage des brebis"},"content":{"rendered":"\n<figure class=\"wp-block-pullquote\"><blockquote><p>Nous \u00e9levons des brebis laiti\u00e8res de race Lacaune ainsi que des brebis allaitantes Lacaune crois\u00e9es Rouge du Roussillon<br>Les brebis p\u00e2turent toute l&rsquo;ann\u00e9e dans les prairies, les bois et les landes des vallons qui entourent la ferme<\/p><\/blockquote><\/figure>\n\n\n\n<figure class=\"wp-block-gallery has-nested-images columns-default is-cropped wp-block-gallery-1 is-layout-flex wp-block-gallery-is-layout-flex\">\n<figure class=\"wp-block-image size-large\"><img decoding=\"async\" loading=\"lazy\" width=\"1024\" height=\"768\" data-id=\"831\" src=\"https:\/\/lafermedetarbes.com\/wp-content\/uploads\/2022\/07\/IMG_4338-1024x768.jpg\" alt=\"\" class=\"wp-image-831\" srcset=\"https:\/\/lafermedetarbes.com\/wp-content\/uploads\/2022\/07\/IMG_4338-1024x768.jpg 1024w, https:\/\/lafermedetarbes.com\/wp-content\/uploads\/2022\/07\/IMG_4338-300x225.jpg 300w, https:\/\/lafermedetarbes.com\/wp-content\/uploads\/2022\/07\/IMG_4338-768x576.jpg 768w, https:\/\/lafermedetarbes.com\/wp-content\/uploads\/2022\/07\/IMG_4338-1536x1152.jpg 1536w, https:\/\/lafermedetarbes.com\/wp-content\/uploads\/2022\/07\/IMG_4338.jpg 2016w\" sizes=\"(max-width: 1024px) 100vw, 1024px\" \/><\/figure>\n<\/figure>\n\n\n\n<figure class=\"wp-block-pullquote\"><blockquote><p>Afin de prot\u00e9ger notre troupeau contre la pr\u00e9dation du loup, nous avons mis en place diff\u00e9rents moyens de protection, cl\u00f4tures mobiles (parcs en filets \u00e9lectrifi\u00e9s), pr\u00e9sence de chiens de protection (Montagnes des Pyr\u00e9n\u00e9es dit Patous), surveillance et garde, financ\u00e9s en partie avec l\u2019aide du FEADER.<\/p><\/blockquote><\/figure>\n\n\n<div class=\"wp-block-image\">\n<figure class=\"aligncenter size-full is-resized\"><img decoding=\"async\" loading=\"lazy\" width=\"519\" height=\"329\" src=\"https:\/\/lafermedetarbes.com\/wp-content\/uploads\/2025\/06\/image.png\" alt=\"\" class=\"wp-image-1032\" style=\"aspect-ratio:1.5775075987841944;width:287px;height:auto\" srcset=\"https:\/\/lafermedetarbes.com\/wp-content\/uploads\/2025\/06\/image.png 519w, https:\/\/lafermedetarbes.com\/wp-content\/uploads\/2025\/06\/image-300x190.png 300w\" sizes=\"(max-width: 519px) 100vw, 519px\" \/><\/figure><\/div>","protected":false},"excerpt":{"rendered":"<p>Nous \u00e9levons des brebis laiti\u00e8res de race Lacaune ainsi que des brebis allaitantes Lacaune crois\u00e9es Rouge du RoussillonLes brebis p\u00e2turent toute l&rsquo;ann\u00e9e dans les prairies, les bois et les landes des vallons qui entourent la ferme Afin de prot\u00e9ger notre troupeau contre la pr\u00e9dation du loup, nous avons mis en place diff\u00e9rents moyens de protection, [&hellip;]<\/p>\n","protected":false},"author":1,"featured_media":0,"parent":0,"menu_order":0,"comment_status":"closed","ping_status":"closed","template":"","meta":{"footnotes":""},"_links":{"self":[{"href":"https:\/\/lafermedetarbes.com\/index.php?rest_route=\/wp\/v2\/pages\/1077"}],"collection":[{"href":"https:\/\/lafermedetarbes.com\/index.php?rest_route=\/wp\/v2\/pages"}],"about":[{"href":"https:\/\/lafermedetarbes.com\/index.php?rest_route=\/wp\/v2\/types\/page"}],"author":[{"embeddable":true,"href":"https:\/\/lafermedetarbes.com\/index.php?rest_route=\/wp\/v2\/users\/1"}],"replies":[{"embeddable":true,"href":"https:\/\/lafermedetarbes.com\/index.php?rest_route=%2Fwp%2Fv2%2Fcomments&post=1077"}],"version-history":[{"count":10,"href":"https:\/\/lafermedetarbes.com\/index.php?rest_route=\/wp\/v2\/pages\/1077\/revisions"}],"predecessor-version":[{"id":1093,"href":"https:\/\/lafermedetarbes.com\/index.php?rest_route=\/wp\/v2\/pages\/1077\/revisions\/1093"}],"wp:attachment":[{"href":"https:\/\/lafermedetarbes.com\/index.php?rest_route=%2Fwp%2Fv2%2Fmedia&parent=1077"}],"curies":[{"name":"wp","href":"https:\/\/api.w.org\/{rel}","templated":true}]}}