{"id":1068,"date":"2025-06-18T09:01:19","date_gmt":"2025-06-18T07:01:19","guid":{"rendered":"https:\/\/lafermedetarbes.com\/?page_id=1068"},"modified":"2025-06-18T09:09:02","modified_gmt":"2025-06-18T07:09:02","slug":"revue-de-presse","status":"publish","type":"page","link":"https:\/\/lafermedetarbes.com\/?page_id=1068","title":{"rendered":"Revue de presse"},"content":{"rendered":"\n<h1 class=\"wp-block-heading has-text-align-center\">Revue de presse<\/h1>\n\n\n\n<h2 class=\"wp-block-heading has-text-align-center\"><a href=\"https:\/\/www.lafranceagricole.fr\/prairies-et-fourrages\/article\/883665\/nous-avons-integre-des-haies-fourrageres-a-notre-systeme-d-elevage\"><strong>Article paru dans la France Agricole de Juin 2025\u00a0 sur les haies fourrag\u00e8res<\/strong><\/a><\/h2>\n\n\n<div class=\"wp-block-image\">\n<figure class=\"aligncenter\"><img decoding=\"async\" loading=\"lazy\" width=\"231\" height=\"300\" src=\"http:\/\/lafermedetarbes.com\/wp-content\/uploads\/2025\/06\/Article-La-France-Agricole-Juin-2025-Haies-fourrageres-231x300.png\" alt=\"\" class=\"wp-image-1064\" srcset=\"https:\/\/lafermedetarbes.com\/wp-content\/uploads\/2025\/06\/Article-La-France-Agricole-Juin-2025-Haies-fourrageres-231x300.png 231w, https:\/\/lafermedetarbes.com\/wp-content\/uploads\/2025\/06\/Article-La-France-Agricole-Juin-2025-Haies-fourrageres-787x1024.png 787w, https:\/\/lafermedetarbes.com\/wp-content\/uploads\/2025\/06\/Article-La-France-Agricole-Juin-2025-Haies-fourrageres-768x999.png 768w, https:\/\/lafermedetarbes.com\/wp-content\/uploads\/2025\/06\/Article-La-France-Agricole-Juin-2025-Haies-fourrageres.png 804w\" sizes=\"(max-width: 231px) 100vw, 231px\" \/><\/figure><\/div>\n\n\n<h2 class=\"wp-block-heading has-text-align-center\"><a href=\"https:\/\/www.ladepeche.fr\/2025\/04\/16\/villelongue-daude-des-haies-paturables-pour-lautonomie-fourragere-12639628.php\"><strong>Article paru dans la D\u00e9p\u00eache du 16 avril 2025 Journ\u00e9e technique sur les haies fourrag\u00e8res<\/strong><\/a><\/h2>\n\n\n<div class=\"wp-block-image\">\n<figure class=\"aligncenter\"><img decoding=\"async\" loading=\"lazy\" width=\"215\" height=\"300\" src=\"http:\/\/lafermedetarbes.com\/wp-content\/uploads\/2025\/06\/Article-Independant-16-avril-2025-La-ferme-deTarbes-215x300.jpg\" alt=\"\" class=\"wp-image-1043\" srcset=\"https:\/\/lafermedetarbes.com\/wp-content\/uploads\/2025\/06\/Article-Independant-16-avril-2025-La-ferme-deTarbes-215x300.jpg 215w, https:\/\/lafermedetarbes.com\/wp-content\/uploads\/2025\/06\/Article-Independant-16-avril-2025-La-ferme-deTarbes-732x1024.jpg 732w, https:\/\/lafermedetarbes.com\/wp-content\/uploads\/2025\/06\/Article-Independant-16-avril-2025-La-ferme-deTarbes-768x1074.jpg 768w, https:\/\/lafermedetarbes.com\/wp-content\/uploads\/2025\/06\/Article-Independant-16-avril-2025-La-ferme-deTarbes.jpg 1039w\" sizes=\"(max-width: 215px) 100vw, 215px\" \/><\/figure><\/div>\n\n\n<h2 class=\"wp-block-heading has-text-align-center\"><a href=\"http:\/\/lafermedetarbes.com\/wp-content\/uploads\/2024\/06\/Article-LIndependant-du-3-mai-2024-Visite-du-college-de-Trebe.pdf\">Article paru dans l&rsquo;Ind\u00e9pendant du 3 mai 2024 Visite de l&rsquo;atelier scientifique du coll\u00e8ge de Tr\u00e8be<\/a><\/h2>\n\n\n<div class=\"wp-block-image\">\n<figure class=\"aligncenter\"><img decoding=\"async\" loading=\"lazy\" width=\"300\" height=\"286\" src=\"http:\/\/lafermedetarbes.com\/wp-content\/uploads\/2024\/06\/Article-LIndependant-du-3-mai-2024-Visite-du-college-de-Trebe-300x286.png\" alt=\"\" class=\"wp-image-987\" srcset=\"https:\/\/lafermedetarbes.com\/wp-content\/uploads\/2024\/06\/Article-LIndependant-du-3-mai-2024-Visite-du-college-de-Trebe-300x286.png 300w, https:\/\/lafermedetarbes.com\/wp-content\/uploads\/2024\/06\/Article-LIndependant-du-3-mai-2024-Visite-du-college-de-Trebe-1024x978.png 1024w, https:\/\/lafermedetarbes.com\/wp-content\/uploads\/2024\/06\/Article-LIndependant-du-3-mai-2024-Visite-du-college-de-Trebe-768x733.png 768w, https:\/\/lafermedetarbes.com\/wp-content\/uploads\/2024\/06\/Article-LIndependant-du-3-mai-2024-Visite-du-college-de-Trebe-1536x1466.png 1536w, https:\/\/lafermedetarbes.com\/wp-content\/uploads\/2024\/06\/Article-LIndependant-du-3-mai-2024-Visite-du-college-de-Trebe-2048x1955.png 2048w\" sizes=\"(max-width: 300px) 100vw, 300px\" \/><\/figure><\/div>\n\n\n<h2 class=\"wp-block-heading has-text-align-center\"><a href=\"https:\/\/www.lindependant.fr\/2022\/05\/28\/a-la-ferme-de-tarbes-de-villelongue-daude-on-vit-damour-et-de-bio-10324133.php\">Article paru dans l&rsquo;Ind\u00e9pendant du dimanche 29 mai 2022<\/a><\/h2>\n\n\n<div class=\"wp-block-image\">\n<figure class=\"aligncenter\"><img decoding=\"async\" loading=\"lazy\" width=\"225\" height=\"300\" src=\"http:\/\/lafermedetarbes.com\/wp-content\/uploads\/2022\/05\/Article-La-ferme-de-Tarbes-LIndependant-du-29-mai-2022-225x300.png\" alt=\"\" class=\"wp-image-820\" srcset=\"https:\/\/lafermedetarbes.com\/wp-content\/uploads\/2022\/05\/Article-La-ferme-de-Tarbes-LIndependant-du-29-mai-2022-225x300.png 225w, https:\/\/lafermedetarbes.com\/wp-content\/uploads\/2022\/05\/Article-La-ferme-de-Tarbes-LIndependant-du-29-mai-2022-768x1024.png 768w, https:\/\/lafermedetarbes.com\/wp-content\/uploads\/2022\/05\/Article-La-ferme-de-Tarbes-LIndependant-du-29-mai-2022-1152x1536.png 1152w, https:\/\/lafermedetarbes.com\/wp-content\/uploads\/2022\/05\/Article-La-ferme-de-Tarbes-LIndependant-du-29-mai-2022.png 1536w\" sizes=\"(max-width: 225px) 100vw, 225px\" \/><\/figure><\/div>\n\n\n<h2 class=\"wp-block-heading has-text-align-center\"><a href=\"https:\/\/www.lindependant.fr\/2016\/11\/07\/limoux-haute-vallee-ces-jeunes-fermiers-qui-misent-sur-le-bio,2275335.php\">Article paru dans l&rsquo;Ind\u00e9pendant du 7 novembre 2016<\/a><\/h2>\n\n\n<div class=\"wp-block-image\">\n<figure class=\"aligncenter\"><img decoding=\"async\" loading=\"lazy\" width=\"218\" height=\"300\" src=\"http:\/\/lafermedetarbes.com\/wp-content\/uploads\/2025\/06\/Article-de-lIndependant-du-7-novembre-2016-218x300.png\" alt=\"\" class=\"wp-image-1051\" srcset=\"https:\/\/lafermedetarbes.com\/wp-content\/uploads\/2025\/06\/Article-de-lIndependant-du-7-novembre-2016-218x300.png 218w, https:\/\/lafermedetarbes.com\/wp-content\/uploads\/2025\/06\/Article-de-lIndependant-du-7-novembre-2016.png 499w\" sizes=\"(max-width: 218px) 100vw, 218px\" \/><\/figure><\/div>","protected":false},"excerpt":{"rendered":"<p>Revue de presse Article paru dans la France Agricole de Juin 2025\u00a0 sur les haies fourrag\u00e8res Article paru dans la D\u00e9p\u00eache du 16 avril 2025 Journ\u00e9e technique sur les haies fourrag\u00e8res Article paru dans l&rsquo;Ind\u00e9pendant du 3 mai 2024 Visite de l&rsquo;atelier scientifique du coll\u00e8ge de Tr\u00e8be Article paru dans l&rsquo;Ind\u00e9pendant du dimanche 29 mai [&hellip;]<\/p>\n","protected":false},"author":1,"featured_media":0,"parent":0,"menu_order":0,"comment_status":"closed","ping_status":"closed","template":"","meta":{"footnotes":""},"_links":{"self":[{"href":"https:\/\/lafermedetarbes.com\/index.php?rest_route=\/wp\/v2\/pages\/1068"}],"collection":[{"href":"https:\/\/lafermedetarbes.com\/index.php?rest_route=\/wp\/v2\/pages"}],"about":[{"href":"https:\/\/lafermedetarbes.com\/index.php?rest_route=\/wp\/v2\/types\/page"}],"author":[{"embeddable":true,"href":"https:\/\/lafermedetarbes.com\/index.php?rest_route=\/wp\/v2\/users\/1"}],"replies":[{"embeddable":true,"href":"https:\/\/lafermedetarbes.com\/index.php?rest_route=%2Fwp%2Fv2%2Fcomments&post=1068"}],"version-history":[{"count":3,"href":"https:\/\/lafermedetarbes.com\/index.php?rest_route=\/wp\/v2\/pages\/1068\/revisions"}],"predecessor-version":[{"id":1075,"href":"https:\/\/lafermedetarbes.com\/index.php?rest_route=\/wp\/v2\/pages\/1068\/revisions\/1075"}],"wp:attachment":[{"href":"https:\/\/lafermedetarbes.com\/index.php?rest_route=%2Fwp%2Fv2%2Fmedia&parent=1068"}],"curies":[{"name":"wp","href":"https:\/\/api.w.org\/{rel}","templated":true}]}}